{"id":1823,"date":"2022-05-16T17:00:04","date_gmt":"2022-05-16T15:00:04","guid":{"rendered":"https:\/\/www.rotariennedesarts.com\/rotariennedesarts\/?page_id=1823"},"modified":"2026-02-02T13:49:43","modified_gmt":"2026-02-02T12:49:43","slug":"fin-rotarienne-2022","status":"publish","type":"page","link":"https:\/\/www.rotariennedesarts.com\/rotariennedesarts\/","title":{"rendered":"La Rotarienne des Arts 2026"},"content":{"rendered":"\n<p>La Rotarienne des Arts 2026 aura lieu du samedi 11 avril au dimanche 26 avril 2026 au Prieur\u00e9 Saint Nicolas aux Sables d&rsquo;Olonne.<\/p>\n\n\n\n<p>Horaires d&rsquo;ouverture : tous les jours de 10h00 \u00e0 12h30 et 14h30 \u00e0 18h00.<\/p>\n\n\n\n<p>Cette exposition-vente est organis\u00e9e par notre <a href=\"https:\/\/rotary-sables-d-olonne.org\/\" target=\"_blank\" rel=\"noreferrer noopener\">Rotary club Les Sables d&rsquo;Olonne<\/a><\/p>\n\n\n\n<p>a<strong>u profit de l&rsquo; INSTITUT DE CANCEROLOGIE DE L&rsquo;OUEST (ICO) et plus particuli\u00e8rement pour la recherche sur les CANCERS PEDIATRIQUES.<\/strong><\/p>\n\n\n\n<p>Un grand merci aux artistes, aux donateurs et naturellement aux b\u00e9n\u00e9voles qui participent  \u00e0 cette exposition-vente.<\/p>\n\n\n\n<p><a href=\"https:\/\/www.rotariennedesarts.com\/rotariennedesarts\/?p=2980\" data-type=\"post\" data-id=\"2980\"><strong>CLIQUEZ ICI POUR DECOUVRIR LES ARTISTES<\/strong><\/a><\/p>\n\n\n\n<figure class=\"wp-block-image size-large\"><img loading=\"lazy\" decoding=\"async\" width=\"724\" height=\"1024\" src=\"https:\/\/www.rotariennedesarts.com\/rotariennedesarts\/wp-content\/uploads\/2026\/02\/AFFICHE-DEFINITIVE-JPEG-724x1024.jpg\" alt=\"\" class=\"wp-image-3311\" srcset=\"https:\/\/www.rotariennedesarts.com\/rotariennedesarts\/wp-content\/uploads\/2026\/02\/AFFICHE-DEFINITIVE-JPEG-724x1024.jpg 724w, https:\/\/www.rotariennedesarts.com\/rotariennedesarts\/wp-content\/uploads\/2026\/02\/AFFICHE-DEFINITIVE-JPEG-212x300.jpg 212w, https:\/\/www.rotariennedesarts.com\/rotariennedesarts\/wp-content\/uploads\/2026\/02\/AFFICHE-DEFINITIVE-JPEG-768x1087.jpg 768w, https:\/\/www.rotariennedesarts.com\/rotariennedesarts\/wp-content\/uploads\/2026\/02\/AFFICHE-DEFINITIVE-JPEG.jpg 1080w\" sizes=\"auto, (max-width: 724px) 100vw, 724px\" \/><\/figure>\n\n\n\n<p><\/p>\n\n\n\n<p><\/p>\n","protected":false},"excerpt":{"rendered":"<p>La Rotarienne des Arts 2026 aura lieu du samedi 11 avril au dimanche 26 avril 2026 au Prieur\u00e9 Saint Nicolas aux Sables d&rsquo;Olonne. Horaires d&rsquo;ouverture : tous les jours de 10h00 \u00e0 12h30 et 14h30 \u00e0 18h00. Cette exposition-vente est organis\u00e9e par notre Rotary club Les Sables d&rsquo;Olonne au profit de l&rsquo; INSTITUT DE CANCEROLOGIE [&hellip;]<\/p>\n","protected":false},"author":1,"featured_media":0,"parent":0,"menu_order":0,"comment_status":"closed","ping_status":"closed","template":"","meta":{"footnotes":""},"class_list":["post-1823","page","type-page","status-publish","hentry","post"],"_links":{"self":[{"href":"https:\/\/www.rotariennedesarts.com\/rotariennedesarts\/index.php?rest_route=\/wp\/v2\/pages\/1823","targetHints":{"allow":["GET"]}}],"collection":[{"href":"https:\/\/www.rotariennedesarts.com\/rotariennedesarts\/index.php?rest_route=\/wp\/v2\/pages"}],"about":[{"href":"https:\/\/www.rotariennedesarts.com\/rotariennedesarts\/index.php?rest_route=\/wp\/v2\/types\/page"}],"author":[{"embeddable":true,"href":"https:\/\/www.rotariennedesarts.com\/rotariennedesarts\/index.php?rest_route=\/wp\/v2\/users\/1"}],"replies":[{"embeddable":true,"href":"https:\/\/www.rotariennedesarts.com\/rotariennedesarts\/index.php?rest_route=%2Fwp%2Fv2%2Fcomments&post=1823"}],"version-history":[{"count":29,"href":"https:\/\/www.rotariennedesarts.com\/rotariennedesarts\/index.php?rest_route=\/wp\/v2\/pages\/1823\/revisions"}],"predecessor-version":[{"id":3312,"href":"https:\/\/www.rotariennedesarts.com\/rotariennedesarts\/index.php?rest_route=\/wp\/v2\/pages\/1823\/revisions\/3312"}],"wp:attachment":[{"href":"https:\/\/www.rotariennedesarts.com\/rotariennedesarts\/index.php?rest_route=%2Fwp%2Fv2%2Fmedia&parent=1823"}],"curies":[{"name":"wp","href":"https:\/\/api.w.org\/{rel}","templated":true}]}}